{"id":115,"date":"2020-03-02T00:57:38","date_gmt":"2020-03-02T00:57:38","guid":{"rendered":"http:\/\/www.zaracayradio.com\/?page_id=115"},"modified":"2024-03-06T21:35:25","modified_gmt":"2024-03-07T02:35:25","slug":"la-empresa","status":"publish","type":"page","link":"https:\/\/www.zaracayradio.com\/?page_id=115","title":{"rendered":"LA EMPRESA"},"content":{"rendered":"\t\t<div data-elementor-type=\"wp-page\" data-elementor-id=\"115\" class=\"elementor elementor-115\">\n\t\t\t\t\t\t<section class=\"elementor-section elementor-top-section elementor-element elementor-element-196f769 sc_shift_y_small_negative elementor-section-boxed elementor-section-height-default elementor-section-height-default\" data-id=\"196f769\" data-element_type=\"section\">\n\t\t\t\t\t\t<div class=\"elementor-container elementor-column-gap-extended\">\n\t\t\t\t\t<div class=\"elementor-column elementor-col-100 elementor-top-column elementor-element elementor-element-5a804de sc_inner_width_none sc_content_align_inherit sc_layouts_column_icons_position_left\" data-id=\"5a804de\" data-element_type=\"column\">\n\t\t\t<div class=\"elementor-widget-wrap\">\n\t\t\t\t\t\t\t<\/div>\n\t\t<\/div>\n\t\t\t\t\t<\/div>\n\t\t<\/section>\n\t\t\t\t<section class=\"elementor-section elementor-top-section elementor-element elementor-element-60bcbb6 elementor-section-full_width elementor-section-stretched elementor-section-height-default elementor-section-height-default\" data-id=\"60bcbb6\" data-element_type=\"section\" data-settings=\"{&quot;stretch_section&quot;:&quot;section-stretched&quot;}\">\n\t\t\t\t\t\t<div class=\"elementor-container elementor-column-gap-extended\">\n\t\t\t\t\t<div class=\"elementor-column elementor-col-50 elementor-top-column elementor-element elementor-element-af2fecb sc_inner_width_none sc_content_align_inherit sc_layouts_column_icons_position_left\" data-id=\"af2fecb\" data-element_type=\"column\">\n\t\t\t<div class=\"elementor-widget-wrap elementor-element-populated\">\n\t\t\t\t\t\t<div class=\"elementor-element elementor-element-f551a27 sc_fly_static elementor-widget elementor-widget-heading\" data-id=\"f551a27\" data-element_type=\"widget\" data-widget_type=\"heading.default\">\n\t\t\t\t<div class=\"elementor-widget-container\">\n\t\t\t<div class=\"elementor-heading-title elementor-size-default\">LA EMPRESA<\/div>\t\t<\/div>\n\t\t\t\t<\/div>\n\t\t\t\t<div class=\"elementor-element elementor-element-a3c36a5 elementor-tabs-view-vertical sc_fly_static elementor-widget elementor-widget-tabs\" data-id=\"a3c36a5\" data-element_type=\"widget\" data-widget_type=\"tabs.default\">\n\t\t\t\t<div class=\"elementor-widget-container\">\n\t\t\t\t\t<div class=\"elementor-tabs\">\n\t\t\t<div class=\"elementor-tabs-wrapper\" role=\"tablist\" >\n\t\t\t\t\t\t\t\t\t<div id=\"elementor-tab-title-1711\" class=\"elementor-tab-title elementor-tab-desktop-title\" aria-selected=\"true\" data-tab=\"1\" role=\"tab\" tabindex=\"0\" aria-controls=\"elementor-tab-content-1711\" aria-expanded=\"false\">C\u00d3DIGO DE \u00c9TICA<\/div>\n\t\t\t\t\t\t\t\t\t<div id=\"elementor-tab-title-1712\" class=\"elementor-tab-title elementor-tab-desktop-title\" aria-selected=\"false\" data-tab=\"2\" role=\"tab\" tabindex=\"-1\" aria-controls=\"elementor-tab-content-1712\" aria-expanded=\"false\">COD\u00cdGO DEONTOL\u00d3GICO<\/div>\n\t\t\t\t\t\t\t\t\t<div id=\"elementor-tab-title-1713\" class=\"elementor-tab-title elementor-tab-desktop-title\" aria-selected=\"false\" data-tab=\"3\" role=\"tab\" tabindex=\"-1\" aria-controls=\"elementor-tab-content-1713\" aria-expanded=\"false\">POL\u00cdTICAS EMPRESARIALES<\/div>\n\t\t\t\t\t\t\t\t\t<div id=\"elementor-tab-title-1714\" class=\"elementor-tab-title elementor-tab-desktop-title\" aria-selected=\"false\" data-tab=\"4\" role=\"tab\" tabindex=\"-1\" aria-controls=\"elementor-tab-content-1714\" aria-expanded=\"false\">HISTORIA<\/div>\n\t\t\t\t\t\t\t\t\t<div id=\"elementor-tab-title-1715\" class=\"elementor-tab-title elementor-tab-desktop-title\" aria-selected=\"false\" data-tab=\"5\" role=\"tab\" tabindex=\"-1\" aria-controls=\"elementor-tab-content-1715\" aria-expanded=\"false\">RENDICI\u00d3N DE CUENTAS 2015<\/div>\n\t\t\t\t\t\t\t\t\t<div id=\"elementor-tab-title-1716\" class=\"elementor-tab-title elementor-tab-desktop-title\" aria-selected=\"false\" data-tab=\"6\" role=\"tab\" tabindex=\"-1\" aria-controls=\"elementor-tab-content-1716\" aria-expanded=\"false\">RENDIC\u00cdON DE CUENTAS 2016<\/div>\n\t\t\t\t\t\t\t\t\t<div id=\"elementor-tab-title-1717\" class=\"elementor-tab-title elementor-tab-desktop-title\" aria-selected=\"false\" data-tab=\"7\" role=\"tab\" tabindex=\"-1\" aria-controls=\"elementor-tab-content-1717\" aria-expanded=\"false\">RENDIC\u00cdON DE CUENTAS 2017<\/div>\n\t\t\t\t\t\t\t\t\t<div id=\"elementor-tab-title-1718\" class=\"elementor-tab-title elementor-tab-desktop-title\" aria-selected=\"false\" data-tab=\"8\" role=\"tab\" tabindex=\"-1\" aria-controls=\"elementor-tab-content-1718\" aria-expanded=\"false\">RENDIC\u00cdON DE CUENTAS 2018<\/div>\n\t\t\t\t\t\t\t\t\t<div id=\"elementor-tab-title-1719\" class=\"elementor-tab-title elementor-tab-desktop-title\" aria-selected=\"false\" data-tab=\"9\" role=\"tab\" tabindex=\"-1\" aria-controls=\"elementor-tab-content-1719\" aria-expanded=\"false\">RENDICI\u00d3N DE CUENTAS 2019<\/div>\n\t\t\t\t\t\t\t\t\t<div id=\"elementor-tab-title-17110\" class=\"elementor-tab-title elementor-tab-desktop-title\" aria-selected=\"false\" data-tab=\"10\" role=\"tab\" tabindex=\"-1\" aria-controls=\"elementor-tab-content-17110\" aria-expanded=\"false\">RENDICI\u00d3N DE CUENTAS 2020<\/div>\n\t\t\t\t\t\t\t\t\t<div id=\"elementor-tab-title-17111\" class=\"elementor-tab-title elementor-tab-desktop-title\" aria-selected=\"false\" data-tab=\"11\" role=\"tab\" tabindex=\"-1\" aria-controls=\"elementor-tab-content-17111\" aria-expanded=\"false\">RENDICI\u00d3N DE CUENTAS 2021<\/div>\n\t\t\t\t\t\t\t\t\t<div id=\"elementor-tab-title-17112\" class=\"elementor-tab-title elementor-tab-desktop-title\" aria-selected=\"false\" data-tab=\"12\" role=\"tab\" tabindex=\"-1\" aria-controls=\"elementor-tab-content-17112\" aria-expanded=\"false\">RENDICI\u00d3N DE CUENTAS  2022<\/div>\n\t\t\t\t\t\t\t<\/div>\n\t\t\t<div class=\"elementor-tabs-content-wrapper\" role=\"tablist\" aria-orientation=\"vertical\">\n\t\t\t\t\t\t\t\t\t<div class=\"elementor-tab-title elementor-tab-mobile-title\" aria-selected=\"true\" data-tab=\"1\" role=\"tab\" tabindex=\"0\" aria-controls=\"elementor-tab-content-1711\" aria-expanded=\"false\">C\u00d3DIGO DE \u00c9TICA<\/div>\n\t\t\t\t\t<div id=\"elementor-tab-content-1711\" class=\"elementor-tab-content elementor-clearfix\" data-tab=\"1\" role=\"tabpanel\" aria-labelledby=\"elementor-tab-title-1711\" tabindex=\"0\" hidden=\"false\"><ol><li><a href=\"https:\/\/www.zaracayradio.com\/wp-content\/uploads\/CODIGO-DE-ETICA-RADIO-ZARACAY.pdf\">C\u00d3DIGO DE \u00c9TICA<\/a><\/li><\/ol><\/div>\n\t\t\t\t\t\t\t\t\t<div class=\"elementor-tab-title elementor-tab-mobile-title\" aria-selected=\"false\" data-tab=\"2\" role=\"tab\" tabindex=\"-1\" aria-controls=\"elementor-tab-content-1712\" aria-expanded=\"false\">COD\u00cdGO DEONTOL\u00d3GICO<\/div>\n\t\t\t\t\t<div id=\"elementor-tab-content-1712\" class=\"elementor-tab-content elementor-clearfix\" data-tab=\"2\" role=\"tabpanel\" aria-labelledby=\"elementor-tab-title-1712\" tabindex=\"0\" hidden=\"hidden\"><ol><li><a href=\"https:\/\/www.zaracayradio.com\/wp-content\/uploads\/CodigoDeontologico.pdf\">CodigoDeontologico<\/a><\/li><\/ol><\/div>\n\t\t\t\t\t\t\t\t\t<div class=\"elementor-tab-title elementor-tab-mobile-title\" aria-selected=\"false\" data-tab=\"3\" role=\"tab\" tabindex=\"-1\" aria-controls=\"elementor-tab-content-1713\" aria-expanded=\"false\">POL\u00cdTICAS EMPRESARIALES<\/div>\n\t\t\t\t\t<div id=\"elementor-tab-content-1713\" class=\"elementor-tab-content elementor-clearfix\" data-tab=\"3\" role=\"tabpanel\" aria-labelledby=\"elementor-tab-title-1713\" tabindex=\"0\" hidden=\"hidden\"><ol><li><a href=\"https:\/\/www.zaracayradio.com\/wp-content\/uploads\/PoliticasEmpresariales.pdf\">PoliticasEmpresariales<\/a><\/li><\/ol><\/div>\n\t\t\t\t\t\t\t\t\t<div class=\"elementor-tab-title elementor-tab-mobile-title\" aria-selected=\"false\" data-tab=\"4\" role=\"tab\" tabindex=\"-1\" aria-controls=\"elementor-tab-content-1714\" aria-expanded=\"false\">HISTORIA<\/div>\n\t\t\t\t\t<div id=\"elementor-tab-content-1714\" class=\"elementor-tab-content elementor-clearfix\" data-tab=\"4\" role=\"tabpanel\" aria-labelledby=\"elementor-tab-title-1714\" tabindex=\"0\" hidden=\"hidden\"><ol><li><a href=\"https:\/\/www.zaracayradio.com\/wp-content\/uploads\/PoliticasEmpresariales.pdf\">Articulo Don Holger y RadioZaracay(ESPA\u00d1OL)<\/a><\/li><li><a href=\"https:\/\/www.zaracayradio.com\/wp-content\/uploads\/ArticleDonHolgerandRadioZaracay.pdf\">Articulo Don Holger y Radio Zaracay(INGL\u00c9S)<\/a><\/li><li><a href=\"https:\/\/www.zaracayradio.com\/wp-content\/uploads\/EstudiodelaRadiodifusionEcuatoriana.pdf\">Estudio de la Radio difusion Ecuatoriana<\/a><\/li><li><a href=\"https:\/\/www.zaracayradio.com\/wp-content\/uploads\/InvitacionDiocesisStoDgo.pdf\">Invitacion Diocesis Santo Domingo<\/a><\/li><li><a href=\"https:\/\/www.zaracayradio.com\/wp-content\/uploads\/HimnoRadioZaracay.pdf\">Himno Radio Zaracay<\/a><\/li><li><a href=\"https:\/\/www.zaracayradio.com\/wp-content\/uploads\/LibroRadioZaracay55Anos.pdf\">Libro: Radio Zaracay 55 A\u00f1os<\/a><\/li><li><a href=\"https:\/\/www.zaracayradio.com\/wp-content\/uploads\/LibroUnaGranRegion2012.pdf\">Libro: Una Gran Region 2012<\/a><\/li><\/ol><\/div>\n\t\t\t\t\t\t\t\t\t<div class=\"elementor-tab-title elementor-tab-mobile-title\" aria-selected=\"false\" data-tab=\"5\" role=\"tab\" tabindex=\"-1\" aria-controls=\"elementor-tab-content-1715\" aria-expanded=\"false\">RENDICI\u00d3N DE CUENTAS 2015<\/div>\n\t\t\t\t\t<div id=\"elementor-tab-content-1715\" class=\"elementor-tab-content elementor-clearfix\" data-tab=\"5\" role=\"tabpanel\" aria-labelledby=\"elementor-tab-title-1715\" tabindex=\"0\" hidden=\"hidden\"><ol><li><a href=\"https:\/\/www.zaracayradio.com\/wp-content\/uploads\/1AudioRendiciondeCuentas2015.mp3\">Audio Rendici\u00f3n de Cuentas 2015<\/a><\/li><li><a href=\"https:\/\/www.zaracayradio.com\/wp-content\/uploads\/2Balance2015.pdf\">Balance 2015<\/a><\/li><li><a href=\"https:\/\/www.zaracayradio.com\/wp-content\/uploads\/CertificadoCumplimientoTributario2015.pdf\">Cumplimiento Tributario 2015<\/a><\/li><li><a href=\"https:\/\/www.zaracayradio.com\/wp-content\/uploads\/CertificadoObligacionesPatronales2015.pdf\">Obligaciones Patronales 2015<\/a><\/li><li><a href=\"https:\/\/www.zaracayradio.com\/wp-content\/uploads\/FacturaSayceSoprofon.pdf\">Factura Sayce y Soprofon 2015<\/a><\/li><\/ol><\/div>\n\t\t\t\t\t\t\t\t\t<div class=\"elementor-tab-title elementor-tab-mobile-title\" aria-selected=\"false\" data-tab=\"6\" role=\"tab\" tabindex=\"-1\" aria-controls=\"elementor-tab-content-1716\" aria-expanded=\"false\">RENDIC\u00cdON DE CUENTAS 2016<\/div>\n\t\t\t\t\t<div id=\"elementor-tab-content-1716\" class=\"elementor-tab-content elementor-clearfix\" data-tab=\"6\" role=\"tabpanel\" aria-labelledby=\"elementor-tab-title-1716\" tabindex=\"0\" hidden=\"hidden\"><ol><li><a href=\"https:\/\/www.zaracayradio.com\/wp-content\/uploads\/AudioRendiciondeCuentas2016.mp3\">Cuentas 2016<\/a><\/li><li><a href=\"https:\/\/www.zaracayradio.com\/wp-content\/uploads\/AudioRendiciondeCuentas2016.mp3\">Audio Rendici\u00f3n de Cuentas 2016<\/a><\/li><li><a href=\"https:\/\/www.zaracayradio.com\/wp-content\/uploads\/balance2016.pdf\">Balance 2016<\/a><\/li><li><a href=\"https:\/\/www.zaracayradio.com\/wp-content\/uploads\/certevento2016.pdf\">Certificado Eventos 2016<\/a><\/li><li><a href=\"https:\/\/www.zaracayradio.com\/wp-content\/uploads\/certificadoAportes2016.pdf\">Aportes 2016<\/a><\/li><li><a href=\"https:\/\/www.zaracayradio.com\/wp-content\/uploads\/certnodictamen2016.pdf\">Certificado No Dict\u00e1menes 2016<\/a><\/li><li><a href=\"https:\/\/www.zaracayradio.com\/wp-content\/uploads\/certnoreclamos2016.pdf\">Certificado No Reclamos<\/a><\/li><li><a href=\"https:\/\/www.zaracayradio.com\/wp-content\/uploads\/contrataciones2016.pdf\">Contrataciones 2016<\/a><\/li><li><a href=\"https:\/\/www.zaracayradio.com\/wp-content\/uploads\/FacturaSayceSoprofon.pdf\">Factura Sayce y Soprofon 2016<\/a><\/li><li><a href=\"https:\/\/www.zaracayradio.com\/wp-content\/uploads\/informe2016.pdf\">Informe 2016<\/a><\/li><li><a href=\"https:\/\/www.zaracayradio.com\/wp-content\/uploads\/invitacion2018-1.pdf\">Invitaci\u00f3n 2016<\/a><\/li><li><a href=\"https:\/\/www.zaracayradio.com\/wp-content\/uploads\/narrativo2016.pdf\">Narrativo 2016<\/a><\/li><li><a href=\"https:\/\/www.zaracayradio.com\/wp-content\/uploads\/obligaciones2016.pdf\">Obligaciones Patronales 2016<\/a><\/li><li><a href=\"https:\/\/www.zaracayradio.com\/wp-content\/uploads\/parrilla2016.pdf\">Parrilla Programaci\u00f3n 2016<\/a><\/li><li><a href=\"https:\/\/www.zaracayradio.com\/wp-content\/uploads\/plantrabajo2016.pdf\">Plan de Trabajo 2016<\/a><\/li><\/ol><\/div>\n\t\t\t\t\t\t\t\t\t<div class=\"elementor-tab-title elementor-tab-mobile-title\" aria-selected=\"false\" data-tab=\"7\" role=\"tab\" tabindex=\"-1\" aria-controls=\"elementor-tab-content-1717\" aria-expanded=\"false\">RENDIC\u00cdON DE CUENTAS 2017<\/div>\n\t\t\t\t\t<div id=\"elementor-tab-content-1717\" class=\"elementor-tab-content elementor-clearfix\" data-tab=\"7\" role=\"tabpanel\" aria-labelledby=\"elementor-tab-title-1717\" tabindex=\"0\" hidden=\"hidden\"><ol><li><a href=\"https:\/\/www.zaracayradio.com\/wp-content\/uploads\/audioRendiciondeCuentas2017.mp3\">Audio Rendici\u00f3n de Cuentas 2017<\/a><\/li><li><a href=\"https:\/\/www.zaracayradio.com\/wp-content\/uploads\/certaportes2017.pdf\">Aportes 2017<\/a><\/li><li><a href=\"https:\/\/www.zaracayradio.com\/wp-content\/uploads\/certevento2017.pdf\">Certificado Evento 2017<\/a><\/li><li><a href=\"https:\/\/www.zaracayradio.com\/wp-content\/uploads\/certnodictamen2017.pdf\">Certificado No Dictamen 2017<\/a><\/li><li><a href=\"https:\/\/www.zaracayradio.com\/wp-content\/uploads\/certnoreclamos2017.pdf\">Certificado No Reclamos 2017<\/a><\/li><li><a href=\"https:\/\/www.zaracayradio.com\/wp-content\/uploads\/facturaSayceSoprofon2017.pdf\">Factura Sayce y Soprofon 2017<\/a><\/li><li><a href=\"https:\/\/www.zaracayradio.com\/wp-content\/uploads\/invitacion2017.pdf\">Invitaci\u00f3n 2017<\/a><\/li><li><a href=\"https:\/\/www.zaracayradio.com\/wp-content\/uploads\/narrativo2017.pdf\">Narrativo 2017<\/a><\/li><li><a href=\"https:\/\/www.zaracayradio.com\/wp-content\/uploads\/obligaciones2017.pdf\">Obligaciones Patronales 2017<\/a><\/li><li><a href=\"https:\/\/www.zaracayradio.com\/wp-content\/uploads\/parrilla201.pdf\">Parrilla Programaci\u00f3n 2017<\/a><\/li><li><a href=\"https:\/\/www.zaracayradio.com\/wp-content\/uploads\/plantrabajo2017-1.pdf\">Plan de Trajbajo 2017<\/a><\/li><\/ol><\/div>\n\t\t\t\t\t\t\t\t\t<div class=\"elementor-tab-title elementor-tab-mobile-title\" aria-selected=\"false\" data-tab=\"8\" role=\"tab\" tabindex=\"-1\" aria-controls=\"elementor-tab-content-1718\" aria-expanded=\"false\">RENDIC\u00cdON DE CUENTAS 2018<\/div>\n\t\t\t\t\t<div id=\"elementor-tab-content-1718\" class=\"elementor-tab-content elementor-clearfix\" data-tab=\"8\" role=\"tabpanel\" aria-labelledby=\"elementor-tab-title-1718\" tabindex=\"0\" hidden=\"hidden\"><ol><li><a href=\"https:\/\/www.zaracayradio.com\/wp-content\/uploads\/audioRendiciondeCuentas2017.mp3\">Audio Rendici\u00f3n de Cuentas 2018<\/a><\/li><li><a href=\"https:\/\/www.zaracayradio.com\/wp-content\/uploads\/certaportes2018.pdf\">Aportes 2018<\/a><\/li><li><a href=\"https:\/\/www.zaracayradio.com\/wp-content\/uploads\/balance2018.pdf\">Balance 2018<\/a><\/li><li><a href=\"https:\/\/www.zaracayradio.com\/wp-content\/uploads\/certnodictamen2018.pdf\">Certificado No Dictamen 2018<\/a><\/li><li><a href=\"https:\/\/www.zaracayradio.com\/wp-content\/uploads\/certnoreclamos2018.pdf\">Certificado No Reclamos 2018<\/a><\/li><li><a href=\"https:\/\/www.zaracayradio.com\/wp-content\/uploads\/facturaSayceSoprofon2018.pdf\">Factura Sayce y Soprofon 2018<\/a><\/li><li><a href=\"https:\/\/www.zaracayradio.com\/wp-content\/uploads\/invitacion2018.pdf\">Invitaci\u00f3n 2018<\/a><\/li><li><a href=\"https:\/\/www.zaracayradio.com\/wp-content\/uploads\/narrativo2018.pdf\">Narrativo 2018<\/a><\/li><li><a href=\"https:\/\/www.zaracayradio.com\/wp-content\/uploads\/obligaciones2018.pdf\">Obligaciones Patronales 2018<\/a><\/li><li><a href=\"https:\/\/www.zaracayradio.com\/wp-content\/uploads\/parrilla2018.pdf\">Parrilla Programaci\u00f3n 2018<\/a><\/li><li><a href=\"https:\/\/www.zaracayradio.com\/wp-content\/uploads\/plantrabajo2018.pdf\">Plan de Trabajo 2018<\/a><\/li><\/ol><\/div>\n\t\t\t\t\t\t\t\t\t<div class=\"elementor-tab-title elementor-tab-mobile-title\" aria-selected=\"false\" data-tab=\"9\" role=\"tab\" tabindex=\"-1\" aria-controls=\"elementor-tab-content-1719\" aria-expanded=\"false\">RENDICI\u00d3N DE CUENTAS 2019<\/div>\n\t\t\t\t\t<div id=\"elementor-tab-content-1719\" class=\"elementor-tab-content elementor-clearfix\" data-tab=\"9\" role=\"tabpanel\" aria-labelledby=\"elementor-tab-title-1719\" tabindex=\"0\" hidden=\"hidden\"><ol><li><a href=\"https:\/\/www.zaracayradio.com\/wp-content\/uploads\/audioRendiciondeCuentas2019.mp3\">Audio Rendici\u00f3n de Cuentas 2019<\/a><\/li><li><a href=\"https:\/\/www.zaracayradio.com\/wp-content\/uploads\/certaportes2019.pdf\">Aportes 2019<\/a><\/li><li><a href=\"https:\/\/www.zaracayradio.com\/wp-content\/uploads\/certnoreclamos2019.pdf\">Certificado No Reclamos 2019<\/a><\/li><li><a href=\"https:\/\/www.zaracayradio.com\/wp-content\/uploads\/DocRadioZaracay\/RendiciondeCuentas2019\/facturaSayceSoprofon2019.pdf\">Factura Sayce y Soprofon 2019<\/a><\/li><li><a href=\"https:\/\/www.zaracayradio.com\/wp-content\/uploads\/invitacion2019.pdf\">Invitaci\u00f3n 2019<\/a><\/li><li><a href=\"https:\/\/www.zaracayradio.com\/wp-content\/uploads\/obligaciones2019.pdf\">Obligaciones Patronales 2019<\/a><\/li><li><a href=\"https:\/\/www.zaracayradio.com\/wp-content\/uploads\/parrilla2019.pdf\">Parrilla Programaci\u00f3n 2019<\/a><\/li><li><a href=\"https:\/\/www.zaracayradio.com\/wp-content\/uploads\/plantrabajo2019.pdf\">Plan de Trabajo 2019<\/a><\/li><\/ol><\/div>\n\t\t\t\t\t\t\t\t\t<div class=\"elementor-tab-title elementor-tab-mobile-title\" aria-selected=\"false\" data-tab=\"10\" role=\"tab\" tabindex=\"-1\" aria-controls=\"elementor-tab-content-17110\" aria-expanded=\"false\">RENDICI\u00d3N DE CUENTAS 2020<\/div>\n\t\t\t\t\t<div id=\"elementor-tab-content-17110\" class=\"elementor-tab-content elementor-clearfix\" data-tab=\"10\" role=\"tabpanel\" aria-labelledby=\"elementor-tab-title-17110\" tabindex=\"0\" hidden=\"hidden\"><ol><li><a href=\"https:\/\/www.zaracayradio.com\/wp-content\/uploads\/DocRadioZaracay\/RendiciondeCuentas2020\/audioRendiciondeCuentas2020.mp3\">Audio Rendici\u00f3n de Cuentas 2020<\/a><\/li><li><a href=\"https:\/\/www.zaracayradio.com\/wp-content\/uploads\/certaportes2020.pdf\">Aportes 2020<\/a><\/li><li><a href=\"https:\/\/www.zaracayradio.com\/wp-content\/uploads\/certnoreclamos2020.pdf\">Certificado No Reclamos 2020<\/a><\/li><li><a href=\"https:\/\/www.zaracayradio.com\/wp-content\/uploads\/facturaSayceSoprofon2020.pdf\">Factura Sayce y Soprofon 2020<\/a><\/li><li><a href=\"https:\/\/www.zaracayradio.com\/wp-content\/uploads\/invitacion2020.pdf\">Invitaci\u00f3n 2020<\/a><\/li><li><a href=\"https:\/\/www.zaracayradio.com\/wp-content\/uploads\/obligaciones2020.pdf\">Obligaciones Patronales 2020<\/a><\/li><li><a href=\"https:\/\/www.zaracayradio.com\/wp-content\/uploads\/parrilla2020.pdf\">Parrilla Programaci\u00f3n 2020<\/a><\/li><li><a href=\"https:\/\/www.zaracayradio.com\/wp-content\/uploads\/plantrabajo2020.pdf\">Plan de Trabajo 2020<\/a><\/li><\/ol><\/div>\n\t\t\t\t\t\t\t\t\t<div class=\"elementor-tab-title elementor-tab-mobile-title\" aria-selected=\"false\" data-tab=\"11\" role=\"tab\" tabindex=\"-1\" aria-controls=\"elementor-tab-content-17111\" aria-expanded=\"false\">RENDICI\u00d3N DE CUENTAS 2021<\/div>\n\t\t\t\t\t<div id=\"elementor-tab-content-17111\" class=\"elementor-tab-content elementor-clearfix\" data-tab=\"11\" role=\"tabpanel\" aria-labelledby=\"elementor-tab-title-17111\" tabindex=\"0\" hidden=\"hidden\"><ol><li><a href=\"https:\/\/www.zaracayradio.com\/wp-content\/uploads\/DocRadioZaracay\/RendiciondeCuentas2021\/audioRendiciondeCuentas2021.mp3\">Audio Rendici\u00f3n de Cuentas 2021<\/a><\/li><li><a href=\"https:\/\/www.zaracayradio.com\/wp-content\/uploads\/certaportes2021.pdf\">Aportes 2021<\/a><\/li><li><a href=\"https:\/\/www.zaracayradio.com\/wp-content\/uploads\/renta2021.pdf\">Balance 2021<\/a><\/li><li><a href=\"https:\/\/www.zaracayradio.com\/wp-content\/uploads\/certnoreclamos2021.pdf\">Certificado No Reclamos 2021<\/a><\/li><li><a href=\"https:\/\/www.zaracayradio.com\/wp-content\/uploads\/certevento2021.pdf\">Certificado Evento 2021<\/a><\/li><li><a href=\"https:\/\/www.zaracayradio.com\/wp-content\/uploads\/SayceSoprofon2021.pdf\">Factura Sayce y Soprofon 2021<\/a><\/li><li><a href=\"https:\/\/www.zaracayradio.com\/wp-content\/uploads\/invitacion2021.pdf\">Invitaci\u00f3n 2021<\/a><\/li><li><a href=\"https:\/\/www.zaracayradio.com\/wp-content\/uploads\/obligaciones2021.pdf\">Obligaciones Patronales 2021<\/a><\/li><li><a href=\"https:\/\/www.zaracayradio.com\/wp-content\/uploads\/parrilla2021.pdf\">Parrilla Programaci\u00f3n 2021<\/a><\/li><li><a href=\"https:\/\/www.zaracayradio.com\/wp-content\/uploads\/plantrabajo2021.pdf\">Plan de Trabajo 2021<\/a><\/li><li><a href=\"https:\/\/www.zaracayradio.com\/wp-content\/uploads\/registro2021.pdf\">Reporte final 2021<\/a><\/li><\/ol><\/div>\n\t\t\t\t\t\t\t\t\t<div class=\"elementor-tab-title elementor-tab-mobile-title\" aria-selected=\"false\" data-tab=\"12\" role=\"tab\" tabindex=\"-1\" aria-controls=\"elementor-tab-content-17112\" aria-expanded=\"false\">RENDICI\u00d3N DE CUENTAS  2022<\/div>\n\t\t\t\t\t<div id=\"elementor-tab-content-17112\" class=\"elementor-tab-content elementor-clearfix\" data-tab=\"12\" role=\"tabpanel\" aria-labelledby=\"elementor-tab-title-17112\" tabindex=\"0\" hidden=\"hidden\"><div id=\"adobe-dc-view\" style=\"height: 800px; width: 100%;\"><\/div>\n<script src=\"https:\/\/documentcloud.adobe.com\/view-sdk\/main.js\"><\/script>\n<script type=\"text\/javascript\">\n  const previewConfig = {\n   showDownloadPDF:false,\n   showPageControls:false\n}\ndocument.addEventListener(\"adobe_dc_view_sdk.ready\", function(){\n    var adobeDCView = new AdobeDC.View({clientId: \"714eff75505b436aac67d1b35610408d \", });\n    adobeDCView.previewFile({\n      content:{location: {url: \"https:\/\/www.zaracayradio.com\/wp-content\/uploads\/frc2022RZ.pdf\"}},\n      metaData:{fileName: \"RENDICION DE CUENTAS\"}\n    },  {showDownloadPDF: false, showPageControls: false});\n  });\n<\/script><\/div>\n\t\t\t\t\t\t\t<\/div>\n\t\t<\/div>\n\t\t\t\t<\/div>\n\t\t\t\t<\/div>\n\t\t\t\t\t<\/div>\n\t\t<\/div>\n\t\t\t\t<div class=\"elementor-column elementor-col-50 elementor-top-column elementor-element elementor-element-e43d017 sc_inner_width_none sc_content_align_inherit sc_layouts_column_icons_position_left\" data-id=\"e43d017\" data-element_type=\"column\">\n\t\t\t<div class=\"elementor-widget-wrap elementor-element-populated\">\n\t\t\t\t\t\t<div class=\"elementor-element elementor-element-745edac sc_fly_static elementor-widget elementor-widget-heading\" data-id=\"745edac\" data-element_type=\"widget\" data-widget_type=\"heading.default\">\n\t\t\t\t<div class=\"elementor-widget-container\">\n\t\t\t<div class=\"elementor-heading-title elementor-size-default\">VIDEO ZARACAY<\/div>\t\t<\/div>\n\t\t\t\t<\/div>\n\t\t\t\t<div class=\"elementor-element elementor-element-c0a4cc6 sc_fly_static elementor-widget elementor-widget-video\" data-id=\"c0a4cc6\" data-element_type=\"widget\" data-settings=\"{&quot;video_type&quot;:&quot;hosted&quot;,&quot;controls&quot;:&quot;yes&quot;}\" data-widget_type=\"video.default\">\n\t\t\t\t<div class=\"elementor-widget-container\">\n\t\t\t\t\t<div class=\"e-hosted-video elementor-wrapper elementor-open-inline\">\n\t\t\t\t\t<video class=\"elementor-video\" src=\"https:\/\/www.zaracayradio.com\/wp-content\/uploads\/2020\/03\/82192266_592949361267048_299605816078499840_n-1.mp4\" controls=\"\" preload=\"metadata\" controlsList=\"nodownload\"><\/video>\n\t\t\t\t<\/div>\n\t\t\t\t<\/div>\n\t\t\t\t<\/div>\n\t\t\t\t<div class=\"elementor-element elementor-element-4eaa548 sc_fly_static elementor-widget elementor-widget-heading\" data-id=\"4eaa548\" data-element_type=\"widget\" data-widget_type=\"heading.default\">\n\t\t\t\t<div class=\"elementor-widget-container\">\n\t\t\t<div class=\"elementor-heading-title elementor-size-default\">LIBRO 60 A\u00d1OS RADIO ZARACAY<\/div>\t\t<\/div>\n\t\t\t\t<\/div>\n\t\t\t\t<div class=\"elementor-element elementor-element-9133076 sc_fly_static elementor-widget elementor-widget-video\" data-id=\"9133076\" data-element_type=\"widget\" data-settings=\"{&quot;video_type&quot;:&quot;hosted&quot;,&quot;controls&quot;:&quot;yes&quot;}\" data-widget_type=\"video.default\">\n\t\t\t\t<div class=\"elementor-widget-container\">\n\t\t\t\t\t<div class=\"e-hosted-video elementor-wrapper elementor-open-inline\">\n\t\t\t\t\t<video class=\"elementor-video\" src=\"https:\/\/www.zaracayradio.com\/wp-content\/uploads\/2020\/03\/82590216_2441237019433366_8678845908290371584_n.mp4\" controls=\"\" preload=\"metadata\" controlsList=\"nodownload\"><\/video>\n\t\t\t\t<\/div>\n\t\t\t\t<\/div>\n\t\t\t\t<\/div>\n\t\t\t\t\t<\/div>\n\t\t<\/div>\n\t\t\t\t\t<\/div>\n\t\t<\/section>\n\t\t\t\t<\/div>\n\t\t","protected":false},"excerpt":{"rendered":"<p>LA EMPRESA C\u00d3DIGO DE \u00c9TICA COD\u00cdGO DEONTOL\u00d3GICO POL\u00cdTICAS EMPRESARIALES HISTORIA RENDICI\u00d3N DE CUENTAS 2015 RENDIC\u00cdON DE CUENTAS 2016 RENDIC\u00cdON DE CUENTAS 2017 RENDIC\u00cdON DE CUENTAS 2018 RENDICI\u00d3N DE CUENTAS 2019 RENDICI\u00d3N DE CUENTAS 2020 RENDICI\u00d3N DE CUENTAS 2021 RENDICI\u00d3N DE CUENTAS 2022 C\u00d3DIGO&hellip;<\/p>\n","protected":false},"author":1,"featured_media":0,"parent":0,"menu_order":0,"comment_status":"closed","ping_status":"closed","template":"elementor_header_footer","meta":{"footnotes":""},"_links":{"self":[{"href":"https:\/\/www.zaracayradio.com\/index.php?rest_route=\/wp\/v2\/pages\/115"}],"collection":[{"href":"https:\/\/www.zaracayradio.com\/index.php?rest_route=\/wp\/v2\/pages"}],"about":[{"href":"https:\/\/www.zaracayradio.com\/index.php?rest_route=\/wp\/v2\/types\/page"}],"author":[{"embeddable":true,"href":"https:\/\/www.zaracayradio.com\/index.php?rest_route=\/wp\/v2\/users\/1"}],"replies":[{"embeddable":true,"href":"https:\/\/www.zaracayradio.com\/index.php?rest_route=%2Fwp%2Fv2%2Fcomments&post=115"}],"version-history":[{"count":236,"href":"https:\/\/www.zaracayradio.com\/index.php?rest_route=\/wp\/v2\/pages\/115\/revisions"}],"predecessor-version":[{"id":2667,"href":"https:\/\/www.zaracayradio.com\/index.php?rest_route=\/wp\/v2\/pages\/115\/revisions\/2667"}],"wp:attachment":[{"href":"https:\/\/www.zaracayradio.com\/index.php?rest_route=%2Fwp%2Fv2%2Fmedia&parent=115"}],"curies":[{"name":"wp","href":"https:\/\/api.w.org\/{rel}","templated":true}]}}